{"id":104,"date":"2021-12-13T09:36:01","date_gmt":"2021-12-13T09:36:01","guid":{"rendered":"https:\/\/dodomachine.com\/?page_id=104"},"modified":"2024-08-12T16:54:45","modified_gmt":"2024-08-12T08:54:45","slug":"sobre-nos","status":"publish","type":"page","link":"https:\/\/www.dodomachine.com\/pt\/about-us\/","title":{"rendered":"Sobre n\u00f3s"},"content":{"rendered":"<div data-elementor-type=\"wp-page\" data-elementor-id=\"104\" class=\"elementor elementor-104\" data-elementor-post-type=\"page\">\n\t\t\t\t\t\t<section class=\"elementor-section elementor-top-section elementor-element elementor-element-57d6d261 elementor-section-height-min-height elementor-section-boxed elementor-section-height-default elementor-section-items-middle\" data-id=\"57d6d261\" data-element_type=\"section\" data-e-type=\"section\" data-settings=\"{&quot;background_background&quot;:&quot;classic&quot;}\">\n\t\t\t\t\t\t\t<div class=\"elementor-background-overlay\"><\/div>\n\t\t\t\t\t\t\t<div class=\"elementor-container elementor-column-gap-default\">\n\t\t\t\t\t<div class=\"elementor-column elementor-col-100 elementor-top-column elementor-element elementor-element-23cbafd0\" data-id=\"23cbafd0\" data-element_type=\"column\" data-e-type=\"column\" data-settings=\"{&quot;background_background&quot;:&quot;classic&quot;}\">\n\t\t\t<div class=\"elementor-widget-wrap elementor-element-populated\">\n\t\t\t\t\t\t<div class=\"elementor-element elementor-element-6970cae8 elementor-widget elementor-widget-heading\" data-id=\"6970cae8\" data-element_type=\"widget\" data-e-type=\"widget\" data-widget_type=\"heading.default\">\n\t\t\t\t<div class=\"elementor-widget-container\">\n\t\t\t\t\t<h1 class=\"elementor-heading-title elementor-size-default\">Sobre a DoDo Machine<\/h1>\t\t\t\t<\/div>\n\t\t\t\t<\/div>\n\t\t\t\t\t<\/div>\n\t\t<\/div>\n\t\t\t\t\t<\/div>\n\t\t<\/section>\n\t\t\t\t<section class=\"elementor-section elementor-top-section elementor-element elementor-element-2a9f5899 elementor-section-boxed elementor-section-height-default elementor-section-height-default\" data-id=\"2a9f5899\" data-element_type=\"section\" data-e-type=\"section\">\n\t\t\t\t\t\t<div class=\"elementor-container elementor-column-gap-default\">\n\t\t\t\t\t<div class=\"elementor-column elementor-col-100 elementor-top-column elementor-element elementor-element-1ec9f997\" data-id=\"1ec9f997\" data-element_type=\"column\" data-e-type=\"column\">\n\t\t\t<div class=\"elementor-widget-wrap elementor-element-populated\">\n\t\t\t\t\t\t<div class=\"elementor-element elementor-element-47d0667c elementor-widget elementor-widget-spacer\" data-id=\"47d0667c\" data-element_type=\"widget\" data-e-type=\"widget\" data-widget_type=\"spacer.default\">\n\t\t\t\t<div class=\"elementor-widget-container\">\n\t\t\t\t\t\t\t<div class=\"elementor-spacer\">\n\t\t\t<div class=\"elementor-spacer-inner\"><\/div>\n\t\t<\/div>\n\t\t\t\t\t\t<\/div>\n\t\t\t\t<\/div>\n\t\t\t\t\t<\/div>\n\t\t<\/div>\n\t\t\t\t\t<\/div>\n\t\t<\/section>\n\t\t\t\t<section class=\"elementor-section elementor-top-section elementor-element elementor-element-a8042c8 elementor-section-boxed elementor-section-height-default elementor-section-height-default\" data-id=\"a8042c8\" data-element_type=\"section\" data-e-type=\"section\">\n\t\t\t\t\t\t<div class=\"elementor-container elementor-column-gap-default\">\n\t\t\t\t\t<div class=\"elementor-column elementor-col-50 elementor-top-column elementor-element elementor-element-6e8f4a58\" data-id=\"6e8f4a58\" data-element_type=\"column\" data-e-type=\"column\">\n\t\t\t<div class=\"elementor-widget-wrap elementor-element-populated\">\n\t\t\t\t\t\t<div class=\"elementor-element elementor-element-12e1eb7 elementor-widget elementor-widget-text-editor\" data-id=\"12e1eb7\" data-element_type=\"widget\" data-e-type=\"widget\" data-widget_type=\"text-editor.default\">\n\t\t\t\t<div class=\"elementor-widget-container\">\n\t\t\t\t\t\t\t\t\t<p>VISITE AQUI, SIGNIFICA QUE VOC\u00ca PRECISA DE SOLU\u00c7\u00c3O DE AUTOMA\u00c7\u00c3O DE PE\u00c7AS DE REFRIGERA\u00c7\u00c3O<\/p>\t\t\t\t\t\t\t\t<\/div>\n\t\t\t\t<\/div>\n\t\t\t\t<div class=\"elementor-element elementor-element-532e31da elementor-widget elementor-widget-heading\" data-id=\"532e31da\" data-element_type=\"widget\" data-e-type=\"widget\" data-widget_type=\"heading.default\">\n\t\t\t\t<div class=\"elementor-widget-container\">\n\t\t\t\t\t<h2 class=\"elementor-heading-title elementor-size-default\">Por que a Dodo Machine \u00e9 a melhor escolha?<\/h2>\t\t\t\t<\/div>\n\t\t\t\t<\/div>\n\t\t\t\t<div class=\"elementor-element elementor-element-6164b85 elementor-widget elementor-widget-text-editor\" data-id=\"6164b85\" data-element_type=\"widget\" data-e-type=\"widget\" data-widget_type=\"text-editor.default\">\n\t\t\t\t<div class=\"elementor-widget-container\">\n\t\t\t\t\t\t\t\t\t<p>A empresa-m\u00e3e da DoDo Machine, Shaoxing XW <span aria-hidden=\"true\">Automa\u00e7\u00e3o Co., Ltda.<\/span> foi fundada em 2013 como uma fabricante focada em M\u00e1quina de Brasagem Autom\u00e1tica e M\u00e1quina de Brasagem por Indu\u00e7\u00e3o e M\u00e1quina de Brasagem por Chama. Em 2018, come\u00e7amos a usar a m\u00e1quina DoDo para promover nossos produtos no mercado internacional. Nos \u00faltimos 11 anos, atendemos mais de 50 clientes em 9 pa\u00edses no mundo todo.<\/p><p>O estabelecimento da DoDo Machine, depois de trabalhar por 20 anos na Sanhua, uma fornecedora de acess\u00f3rios de refrigera\u00e7\u00e3o bem conhecida na China, 3 engenheiros decidiram come\u00e7ar um neg\u00f3cio e resolver o problema de automa\u00e7\u00e3o da Brazing Machine junto com os clientes. Ao longo de 11 anos de desenvolvimento, estabelecemos um neg\u00f3cio est\u00e1vel. Atualmente, a maioria dos clientes vem da recomenda\u00e7\u00e3o de clientes antigos.<\/p><p>Foco na automa\u00e7\u00e3o da ind\u00fastria de refrigera\u00e7\u00e3o, a automa\u00e7\u00e3o n\u00e3o serve apenas para melhorar a velocidade, mas tamb\u00e9m para melhorar a taxa de qualifica\u00e7\u00e3o do produto, economizando custos.<\/p><p>DoDo Machine espera estabelecer um relacionamento cooperativo de longo prazo com voc\u00ea.<\/p>\t\t\t\t\t\t\t\t<\/div>\n\t\t\t\t<\/div>\n\t\t\t\t\t<\/div>\n\t\t<\/div>\n\t\t\t\t<div class=\"elementor-column elementor-col-50 elementor-top-column elementor-element elementor-element-4af1602a\" data-id=\"4af1602a\" data-element_type=\"column\" data-e-type=\"column\">\n\t\t\t<div class=\"elementor-widget-wrap elementor-element-populated\">\n\t\t\t\t\t\t<div class=\"elementor-element elementor-element-71f20e64 elementor-widget elementor-widget-spacer\" data-id=\"71f20e64\" data-element_type=\"widget\" data-e-type=\"widget\" data-widget_type=\"spacer.default\">\n\t\t\t\t<div class=\"elementor-widget-container\">\n\t\t\t\t\t\t\t<div class=\"elementor-spacer\">\n\t\t\t<div class=\"elementor-spacer-inner\"><\/div>\n\t\t<\/div>\n\t\t\t\t\t\t<\/div>\n\t\t\t\t<\/div>\n\t\t\t\t<div class=\"elementor-element elementor-element-16f60999 elementor-widget elementor-widget-image\" data-id=\"16f60999\" data-element_type=\"widget\" data-e-type=\"widget\" data-widget_type=\"image.default\">\n\t\t\t\t<div class=\"elementor-widget-container\">\n\t\t\t\t\t\t\t\t\t\t\t\t\t\t\t<img fetchpriority=\"high\" decoding=\"async\" width=\"800\" height=\"450\" src=\"https:\/\/www.dodomachine.com\/wp-content\/uploads\/2021\/10\/outdoor.jpg\" class=\"attachment-large size-large wp-image-19\" alt=\"\" srcset=\"https:\/\/www.dodomachine.com\/wp-content\/uploads\/2021\/10\/outdoor.jpg 1000w, https:\/\/www.dodomachine.com\/wp-content\/uploads\/2021\/10\/outdoor-300x169.jpg 300w, https:\/\/www.dodomachine.com\/wp-content\/uploads\/2021\/10\/outdoor-768x432.jpg 768w\" sizes=\"(max-width: 800px) 100vw, 800px\" \/>\t\t\t\t\t\t\t\t\t\t\t\t\t\t\t<\/div>\n\t\t\t\t<\/div>\n\t\t\t\t<div class=\"elementor-element elementor-element-296b9e80 elementor-widget elementor-widget-spacer\" data-id=\"296b9e80\" data-element_type=\"widget\" data-e-type=\"widget\" data-widget_type=\"spacer.default\">\n\t\t\t\t<div class=\"elementor-widget-container\">\n\t\t\t\t\t\t\t<div class=\"elementor-spacer\">\n\t\t\t<div class=\"elementor-spacer-inner\"><\/div>\n\t\t<\/div>\n\t\t\t\t\t\t<\/div>\n\t\t\t\t<\/div>\n\t\t\t\t<div class=\"elementor-element elementor-element-62ca6d28 elementor-align-center elementor-widget elementor-widget-button\" data-id=\"62ca6d28\" data-element_type=\"widget\" data-e-type=\"widget\" data-widget_type=\"button.default\">\n\t\t\t\t<div class=\"elementor-widget-container\">\n\t\t\t\t\t\t\t\t\t<div class=\"elementor-button-wrapper\">\n\t\t\t\t\t<a class=\"elementor-button elementor-button-link elementor-size-md\" href=\"#elementor-action%3Aaction%3Dpopup%3Aopen%26settings%3DeyJpZCI6IjEzOSIsInRvZ2dsZSI6ZmFsc2V9\">\n\t\t\t\t\t\t<span class=\"elementor-button-content-wrapper\">\n\t\t\t\t\t\t\t\t\t<span class=\"elementor-button-text\">Entre em contato conosco agora<\/span>\n\t\t\t\t\t<\/span>\n\t\t\t\t\t<\/a>\n\t\t\t\t<\/div>\n\t\t\t\t\t\t\t\t<\/div>\n\t\t\t\t<\/div>\n\t\t\t\t<div class=\"elementor-element elementor-element-1a47647f elementor-widget elementor-widget-spacer\" data-id=\"1a47647f\" data-element_type=\"widget\" data-e-type=\"widget\" data-widget_type=\"spacer.default\">\n\t\t\t\t<div class=\"elementor-widget-container\">\n\t\t\t\t\t\t\t<div class=\"elementor-spacer\">\n\t\t\t<div class=\"elementor-spacer-inner\"><\/div>\n\t\t<\/div>\n\t\t\t\t\t\t<\/div>\n\t\t\t\t<\/div>\n\t\t\t\t\t<\/div>\n\t\t<\/div>\n\t\t\t\t\t<\/div>\n\t\t<\/section>\n\t\t\t\t<section class=\"elementor-section elementor-top-section elementor-element elementor-element-1595bd1b elementor-section-boxed elementor-section-height-default elementor-section-height-default\" data-id=\"1595bd1b\" data-element_type=\"section\" data-e-type=\"section\" data-settings=\"{&quot;background_background&quot;:&quot;classic&quot;}\">\n\t\t\t\t\t\t<div class=\"elementor-container elementor-column-gap-default\">\n\t\t\t\t\t<div class=\"elementor-column elementor-col-100 elementor-top-column elementor-element elementor-element-925f6b1\" data-id=\"925f6b1\" data-element_type=\"column\" data-e-type=\"column\">\n\t\t\t<div class=\"elementor-widget-wrap elementor-element-populated\">\n\t\t\t\t\t\t<div class=\"elementor-element elementor-element-780126a7 elementor-widget elementor-widget-spacer\" data-id=\"780126a7\" data-element_type=\"widget\" data-e-type=\"widget\" data-widget_type=\"spacer.default\">\n\t\t\t\t<div class=\"elementor-widget-container\">\n\t\t\t\t\t\t\t<div class=\"elementor-spacer\">\n\t\t\t<div class=\"elementor-spacer-inner\"><\/div>\n\t\t<\/div>\n\t\t\t\t\t\t<\/div>\n\t\t\t\t<\/div>\n\t\t\t\t\t<\/div>\n\t\t<\/div>\n\t\t\t\t\t<\/div>\n\t\t<\/section>\n\t\t\t\t<\/div>","protected":false},"excerpt":{"rendered":"<p>About DoDo Machine VISIT HERE, MEANS YOU NEED REFRIGERATION PARTS AUTOMATION SOLUTION Why Dodo Machine Is The Best Choice? DoDo Machine&#8217;s parent company shaoxing XW Automation Co., Ltd was established in 2013 as a manufacturer focused on Automatic Brazing Machine and Induction Brazing Machine and Flame Brazing Machine. In 2018, we started to use DoDo [&hellip;]<\/p>\n","protected":false},"author":1,"featured_media":0,"parent":0,"menu_order":0,"comment_status":"closed","ping_status":"closed","template":"","meta":{"footnotes":""},"class_list":["post-104","page","type-page","status-publish","hentry"],"yoast_head":"<!-- This site is optimized with the Yoast SEO plugin v27.4 - https:\/\/yoast.com\/product\/yoast-seo-wordpress\/ -->\n<title>About Us - Automatic Brazing Machine Induction Brazin-DoDo Machine<\/title>\n<meta name=\"description\" content=\"DoDomachine provides refrigeration industry automation solutions to increase efficiency and save costs by using our machines\" \/>\n<meta name=\"robots\" content=\"index, follow, max-snippet:-1, max-image-preview:large, max-video-preview:-1\" \/>\n<link rel=\"canonical\" href=\"https:\/\/www.dodomachine.com\/pt\/sobre-nos\/\" \/>\n<meta property=\"og:locale\" content=\"pt_BR\" \/>\n<meta property=\"og:type\" content=\"article\" \/>\n<meta property=\"og:title\" content=\"About Us - Automatic Brazing Machine Induction Brazin-DoDo Machine\" \/>\n<meta property=\"og:description\" content=\"DoDomachine provides refrigeration industry automation solutions to increase efficiency and save costs by using our machines\" \/>\n<meta property=\"og:url\" content=\"https:\/\/www.dodomachine.com\/pt\/sobre-nos\/\" \/>\n<meta property=\"og:site_name\" content=\"Automatic Brazing Machine Induction Brazin-DoDo Machine\" \/>\n<meta property=\"article:modified_time\" content=\"2024-08-12T08:54:45+00:00\" \/>\n<meta property=\"og:image\" content=\"https:\/\/dodomachine.com\/wp-content\/uploads\/2021\/10\/outdoor.jpg\" \/>\n<meta name=\"twitter:card\" content=\"summary_large_image\" \/>\n<meta name=\"twitter:label1\" content=\"Est. tempo de leitura\" \/>\n\t<meta name=\"twitter:data1\" content=\"1 minuto\" \/>\n<script type=\"application\/ld+json\" class=\"yoast-schema-graph\">{\"@context\":\"https:\\\/\\\/schema.org\",\"@graph\":[{\"@type\":\"WebPage\",\"@id\":\"https:\\\/\\\/www.dodomachine.com\\\/about-us\\\/\",\"url\":\"https:\\\/\\\/www.dodomachine.com\\\/about-us\\\/\",\"name\":\"About Us - Automatic Brazing Machine Induction Brazin-DoDo Machine\",\"isPartOf\":{\"@id\":\"https:\\\/\\\/www.dodomachine.com\\\/#website\"},\"primaryImageOfPage\":{\"@id\":\"https:\\\/\\\/www.dodomachine.com\\\/about-us\\\/#primaryimage\"},\"image\":{\"@id\":\"https:\\\/\\\/www.dodomachine.com\\\/about-us\\\/#primaryimage\"},\"thumbnailUrl\":\"https:\\\/\\\/dodomachine.com\\\/wp-content\\\/uploads\\\/2021\\\/10\\\/outdoor.jpg\",\"datePublished\":\"2021-12-13T09:36:01+00:00\",\"dateModified\":\"2024-08-12T08:54:45+00:00\",\"description\":\"DoDomachine provides refrigeration industry automation solutions to increase efficiency and save costs by using our machines\",\"breadcrumb\":{\"@id\":\"https:\\\/\\\/www.dodomachine.com\\\/about-us\\\/#breadcrumb\"},\"inLanguage\":\"pt-BR\",\"potentialAction\":[{\"@type\":\"ReadAction\",\"target\":[\"https:\\\/\\\/www.dodomachine.com\\\/about-us\\\/\"]}]},{\"@type\":\"ImageObject\",\"inLanguage\":\"pt-BR\",\"@id\":\"https:\\\/\\\/www.dodomachine.com\\\/about-us\\\/#primaryimage\",\"url\":\"https:\\\/\\\/dodomachine.com\\\/wp-content\\\/uploads\\\/2021\\\/10\\\/outdoor.jpg\",\"contentUrl\":\"https:\\\/\\\/dodomachine.com\\\/wp-content\\\/uploads\\\/2021\\\/10\\\/outdoor.jpg\"},{\"@type\":\"BreadcrumbList\",\"@id\":\"https:\\\/\\\/www.dodomachine.com\\\/about-us\\\/#breadcrumb\",\"itemListElement\":[{\"@type\":\"ListItem\",\"position\":1,\"name\":\"Home\",\"item\":\"https:\\\/\\\/www.dodomachine.com\\\/\"},{\"@type\":\"ListItem\",\"position\":2,\"name\":\"About Us\"}]},{\"@type\":\"WebSite\",\"@id\":\"https:\\\/\\\/www.dodomachine.com\\\/#website\",\"url\":\"https:\\\/\\\/www.dodomachine.com\\\/\",\"name\":\"Automatic Brazing Machine Induction Brazing Refrigeration HVAC Industry Machine -DoDo Machine\",\"description\":\"Serving Refrigeration HVAC Industry, the main products are automatic brazing machine, flame brazing machineetc.\",\"publisher\":{\"@id\":\"https:\\\/\\\/www.dodomachine.com\\\/#organization\"},\"potentialAction\":[{\"@type\":\"SearchAction\",\"target\":{\"@type\":\"EntryPoint\",\"urlTemplate\":\"https:\\\/\\\/www.dodomachine.com\\\/?s={search_term_string}\"},\"query-input\":{\"@type\":\"PropertyValueSpecification\",\"valueRequired\":true,\"valueName\":\"search_term_string\"}}],\"inLanguage\":\"pt-BR\"},{\"@type\":\"Organization\",\"@id\":\"https:\\\/\\\/www.dodomachine.com\\\/#organization\",\"name\":\"Automatic Brazing Machine Induction Brazing Refrigeration HVAC Industry Machine -DoDo Machine\",\"url\":\"https:\\\/\\\/www.dodomachine.com\\\/\",\"logo\":{\"@type\":\"ImageObject\",\"inLanguage\":\"pt-BR\",\"@id\":\"https:\\\/\\\/www.dodomachine.com\\\/#\\\/schema\\\/logo\\\/image\\\/\",\"url\":\"https:\\\/\\\/www.dodomachine.com\\\/wp-content\\\/uploads\\\/2021\\\/12\\\/cropped-dodo-machine-logos.jpeg\",\"contentUrl\":\"https:\\\/\\\/www.dodomachine.com\\\/wp-content\\\/uploads\\\/2021\\\/12\\\/cropped-dodo-machine-logos.jpeg\",\"width\":1199,\"height\":343,\"caption\":\"Automatic Brazing Machine Induction Brazing Refrigeration HVAC Industry Machine -DoDo Machine\"},\"image\":{\"@id\":\"https:\\\/\\\/www.dodomachine.com\\\/#\\\/schema\\\/logo\\\/image\\\/\"}}]}<\/script>\n<!-- \/ Yoast SEO plugin. -->","yoast_head_json":{"title":"Sobre n\u00f3s - M\u00e1quina de brasagem autom\u00e1tica por indu\u00e7\u00e3o Brazin-DoDo Machine","description":"DoDomachine fornece solu\u00e7\u00f5es de automa\u00e7\u00e3o da ind\u00fastria de refrigera\u00e7\u00e3o para aumentar a efici\u00eancia e economizar custos usando nossas m\u00e1quinas","robots":{"index":"index","follow":"follow","max-snippet":"max-snippet:-1","max-image-preview":"max-image-preview:large","max-video-preview":"max-video-preview:-1"},"canonical":"https:\/\/www.dodomachine.com\/pt\/sobre-nos\/","og_locale":"pt_BR","og_type":"article","og_title":"About Us - Automatic Brazing Machine Induction Brazin-DoDo Machine","og_description":"DoDomachine provides refrigeration industry automation solutions to increase efficiency and save costs by using our machines","og_url":"https:\/\/www.dodomachine.com\/pt\/sobre-nos\/","og_site_name":"Automatic Brazing Machine Induction Brazin-DoDo Machine","article_modified_time":"2024-08-12T08:54:45+00:00","og_image":[{"url":"https:\/\/dodomachine.com\/wp-content\/uploads\/2021\/10\/outdoor.jpg","type":"","width":"","height":""}],"twitter_card":"summary_large_image","twitter_misc":{"Est. tempo de leitura":"1 minuto"},"schema":{"@context":"https:\/\/schema.org","@graph":[{"@type":"WebPage","@id":"https:\/\/www.dodomachine.com\/about-us\/","url":"https:\/\/www.dodomachine.com\/about-us\/","name":"Sobre n\u00f3s - M\u00e1quina de brasagem autom\u00e1tica por indu\u00e7\u00e3o Brazin-DoDo Machine","isPartOf":{"@id":"https:\/\/www.dodomachine.com\/#website"},"primaryImageOfPage":{"@id":"https:\/\/www.dodomachine.com\/about-us\/#primaryimage"},"image":{"@id":"https:\/\/www.dodomachine.com\/about-us\/#primaryimage"},"thumbnailUrl":"https:\/\/dodomachine.com\/wp-content\/uploads\/2021\/10\/outdoor.jpg","datePublished":"2021-12-13T09:36:01+00:00","dateModified":"2024-08-12T08:54:45+00:00","description":"DoDomachine fornece solu\u00e7\u00f5es de automa\u00e7\u00e3o da ind\u00fastria de refrigera\u00e7\u00e3o para aumentar a efici\u00eancia e economizar custos usando nossas m\u00e1quinas","breadcrumb":{"@id":"https:\/\/www.dodomachine.com\/about-us\/#breadcrumb"},"inLanguage":"pt-BR","potentialAction":[{"@type":"ReadAction","target":["https:\/\/www.dodomachine.com\/about-us\/"]}]},{"@type":"ImageObject","inLanguage":"pt-BR","@id":"https:\/\/www.dodomachine.com\/about-us\/#primaryimage","url":"https:\/\/dodomachine.com\/wp-content\/uploads\/2021\/10\/outdoor.jpg","contentUrl":"https:\/\/dodomachine.com\/wp-content\/uploads\/2021\/10\/outdoor.jpg"},{"@type":"BreadcrumbList","@id":"https:\/\/www.dodomachine.com\/about-us\/#breadcrumb","itemListElement":[{"@type":"ListItem","position":1,"name":"Home","item":"https:\/\/www.dodomachine.com\/"},{"@type":"ListItem","position":2,"name":"About Us"}]},{"@type":"WebSite","@id":"https:\/\/www.dodomachine.com\/#website","url":"https:\/\/www.dodomachine.com\/","name":"M\u00e1quina de Brasagem Autom\u00e1tica Brasagem por Indu\u00e7\u00e3o Refrigera\u00e7\u00e3o HVAC M\u00e1quina Industrial - M\u00e1quina DoDo","description":"Atendendo ao setor de refrigera\u00e7\u00e3o e HVAC, os principais produtos s\u00e3o m\u00e1quinas de brasagem autom\u00e1tica, m\u00e1quinas de brasagem a chama, etc.","publisher":{"@id":"https:\/\/www.dodomachine.com\/#organization"},"potentialAction":[{"@type":"SearchAction","target":{"@type":"EntryPoint","urlTemplate":"https:\/\/www.dodomachine.com\/?s={search_term_string}"},"query-input":{"@type":"PropertyValueSpecification","valueRequired":true,"valueName":"search_term_string"}}],"inLanguage":"pt-BR"},{"@type":"Organization","@id":"https:\/\/www.dodomachine.com\/#organization","name":"M\u00e1quina de Brasagem Autom\u00e1tica Brasagem por Indu\u00e7\u00e3o Refrigera\u00e7\u00e3o HVAC M\u00e1quina Industrial - M\u00e1quina DoDo","url":"https:\/\/www.dodomachine.com\/","logo":{"@type":"ImageObject","inLanguage":"pt-BR","@id":"https:\/\/www.dodomachine.com\/#\/schema\/logo\/image\/","url":"https:\/\/www.dodomachine.com\/wp-content\/uploads\/2021\/12\/cropped-dodo-machine-logos.jpeg","contentUrl":"https:\/\/www.dodomachine.com\/wp-content\/uploads\/2021\/12\/cropped-dodo-machine-logos.jpeg","width":1199,"height":343,"caption":"Automatic Brazing Machine Induction Brazing Refrigeration HVAC Industry Machine -DoDo Machine"},"image":{"@id":"https:\/\/www.dodomachine.com\/#\/schema\/logo\/image\/"}}]}},"_links":{"self":[{"href":"https:\/\/www.dodomachine.com\/pt\/wp-json\/wp\/v2\/pages\/104","targetHints":{"allow":["GET"]}}],"collection":[{"href":"https:\/\/www.dodomachine.com\/pt\/wp-json\/wp\/v2\/pages"}],"about":[{"href":"https:\/\/www.dodomachine.com\/pt\/wp-json\/wp\/v2\/types\/page"}],"author":[{"embeddable":true,"href":"https:\/\/www.dodomachine.com\/pt\/wp-json\/wp\/v2\/users\/1"}],"replies":[{"embeddable":true,"href":"https:\/\/www.dodomachine.com\/pt\/wp-json\/wp\/v2\/comments?post=104"}],"version-history":[{"count":15,"href":"https:\/\/www.dodomachine.com\/pt\/wp-json\/wp\/v2\/pages\/104\/revisions"}],"predecessor-version":[{"id":4356,"href":"https:\/\/www.dodomachine.com\/pt\/wp-json\/wp\/v2\/pages\/104\/revisions\/4356"}],"wp:attachment":[{"href":"https:\/\/www.dodomachine.com\/pt\/wp-json\/wp\/v2\/media?parent=104"}],"curies":[{"name":"wp","href":"https:\/\/api.w.org\/{rel}","templated":true}]}}